{"id":2033,"date":"2022-11-11T08:28:56","date_gmt":"2022-11-11T06:28:56","guid":{"rendered":"http:\/\/business-online.no\/?page_id=2033"},"modified":"2026-03-27T09:24:13","modified_gmt":"2026-03-27T08:24:13","slug":"verd-quickly","status":"publish","type":"page","link":"https:\/\/business-online.no\/en\/verd-a-vite\/","title":{"rendered":"Resources"},"content":{"rendered":"\t\t<div data-elementor-type=\"wp-page\" data-elementor-id=\"2033\" class=\"elementor elementor-2033\" data-elementor-post-type=\"page\">\n\t\t\t\t<div class=\"elementor-element elementor-element-484f03e e-flex e-con-boxed e-con e-parent\" data-id=\"484f03e\" data-element_type=\"container\" data-e-type=\"container\" data-settings=\"{&quot;background_background&quot;:&quot;slideshow&quot;,&quot;background_slideshow_gallery&quot;:[{&quot;id&quot;:13760,&quot;url&quot;:&quot;https:\\\/\\\/business-online.no\\\/wp-content\\\/uploads\\\/2026\\\/01\\\/a6d4f2.png&quot;}],&quot;background_slideshow_slide_duration&quot;:5000,&quot;background_slideshow_slide_transition&quot;:&quot;fade&quot;,&quot;background_slideshow_transition_duration&quot;:500}\">\n\t\t\t\t\t<div class=\"e-con-inner\">\n\t\t\t\t<div class=\"elementor-element elementor-element-887e435 elementor-widget elementor-widget-heading\" data-id=\"887e435\" data-element_type=\"widget\" data-e-type=\"widget\" data-widget_type=\"heading.default\">\n\t\t\t\t\t\t<div class=\"elementor-widget-container\">\n\t\t\t\t\t<h2 class=\"elementor-heading-title elementor-size-default\">Verdt \u00e5 <i>vite<\/i><\/h2>\t\t\t\t<\/div>\n\t\t\t\t<\/div>\n\t\t<div class=\"elementor-element elementor-element-2c1aa9d e-flex e-con-boxed e-con e-child\" data-id=\"2c1aa9d\" data-element_type=\"container\" data-e-type=\"container\">\n\t\t\t\t\t<div class=\"e-con-inner\">\n\t\t\t\t<div class=\"elementor-element elementor-element-4e5165d elementor-widget elementor-widget-text-editor\" data-id=\"4e5165d\" data-element_type=\"widget\" data-e-type=\"widget\" data-widget_type=\"text-editor.default\">\n\t\t\t\t\t\t<div class=\"elementor-widget-container\">\n\t\t\t\t\t\t\t\t\t<article class=\"text-token-text-primary w-full\" dir=\"auto\" data-testid=\"conversation-turn-58\" data-scroll-anchor=\"true\"><div class=\"text-base my-auto mx-auto py-5 px-6\"><div class=\"mx-auto flex flex-1 text-base gap-4 md:gap-5 lg:gap-6 md:max-w-3xl group\/turn-messages focus-visible:outline-hidden\" tabindex=\"-1\"><div class=\"group\/conversation-turn relative flex w-full min-w-0 flex-col agent-turn @xs\/thread:px-0 @sm\/thread:px-1.5 @md\/thread:px-4\"><div class=\"relative flex-col gap-1 md:gap-3\"><div class=\"flex max-w-full flex-col grow\"><div class=\"min-h-8 text-message relative flex w-full flex-col items-end gap-2 text-start break-words whitespace-normal [.text-message+&amp;]:mt-5\" dir=\"auto\" data-message-author-role=\"assistant\" data-message-id=\"c3a34d1c-71ea-43c1-8130-3ceca6625c55\" data-message-model-slug=\"o1\"><div class=\"flex w-full flex-col gap-1 empty:hidden first:pt-[3px]\"><div class=\"markdown prose dark:prose-invert w-full break-words dark\"><p class=\"\" data-start=\"41\" data-end=\"343\">Oppdag alt du trenger \u00e5 vite om digital transformasjon og hvordan du kan effektivisere den digitale arbeidshverdagen. Her finner du v\u00e5re nyeste artikler med praktiske tips og r\u00e5d, samt svar p\u00e5 ofte stilte sp\u00f8rsm\u00e5l om Business Online. La deg inspirere og f\u00e5 mest mulig ut av bedriftens digitale verkt\u00f8y!<\/p><\/div><\/div><\/div><\/div><\/div><\/div><\/div><\/div><\/article>\t\t\t\t\t\t\t\t<\/div>\n\t\t\t\t<\/div>\n\t\t\t\t\t<\/div>\n\t\t\t\t<\/div>\n\t\t\t\t\t<\/div>\n\t\t\t\t<\/div>\n\t\t\t\t<section class=\"elementor-section elementor-top-section elementor-element elementor-element-svl2z4z elementor-section-content-middle elementor-section-boxed elementor-section-height-default elementor-section-height-default\" data-id=\"svl2z4z\" data-element_type=\"section\" data-e-type=\"section\" data-settings=\"{&quot;background_background&quot;:&quot;classic&quot;}\">\n\t\t\t\t\t\t\t<div class=\"elementor-background-overlay\"><\/div>\n\t\t\t\t\t\t\t<div class=\"elementor-container elementor-column-gap-no\">\n\t\t\t\t\t<div class=\"elementor-column elementor-col-33 elementor-top-column elementor-element elementor-element-00fe61f\" data-id=\"00fe61f\" data-element_type=\"column\" data-e-type=\"column\">\n\t\t\t<div class=\"elementor-widget-wrap elementor-element-populated\">\n\t\t\t\t\t\t<div class=\"elementor-element elementor-element-f0ae45e elementor-widget elementor-widget-image\" data-id=\"f0ae45e\" data-element_type=\"widget\" data-e-type=\"widget\" data-widget_type=\"image.default\">\n\t\t\t\t\t\t<div class=\"elementor-widget-container\">\n\t\t\t\t\t\t\t\t\t\t\t\t\t\t\t\t<a href=\"http:\/\/business-online.no\/artikler\/\">\n\t\t\t\t\t\t\t<img fetchpriority=\"high\" decoding=\"async\" width=\"1024\" height=\"683\" src=\"https:\/\/business-online.no\/wp-content\/uploads\/2023\/08\/Business-Online-iQubeS-3277-crop-1024x683.jpg\" class=\"elementor-animation-grow attachment-large size-large wp-image-6826\" alt=\"\" srcset=\"https:\/\/business-online.no\/wp-content\/uploads\/2023\/08\/Business-Online-iQubeS-3277-crop-1024x683.jpg 1024w, https:\/\/business-online.no\/wp-content\/uploads\/2023\/08\/Business-Online-iQubeS-3277-crop-300x200.jpg 300w, https:\/\/business-online.no\/wp-content\/uploads\/2023\/08\/Business-Online-iQubeS-3277-crop-768x512.jpg 768w, https:\/\/business-online.no\/wp-content\/uploads\/2023\/08\/Business-Online-iQubeS-3277-crop-1536x1024.jpg 1536w, https:\/\/business-online.no\/wp-content\/uploads\/2023\/08\/Business-Online-iQubeS-3277-crop-scaled.jpg 2048w\" sizes=\"(max-width: 1024px) 100vw, 1024px\" \/>\t\t\t\t\t\t\t\t<\/a>\n\t\t\t\t\t\t\t\t\t\t\t\t\t\t\t<\/div>\n\t\t\t\t<\/div>\n\t\t\t\t<div class=\"elementor-element elementor-element-1460afc elementor-widget elementor-widget-heading\" data-id=\"1460afc\" data-element_type=\"widget\" data-e-type=\"widget\" data-widget_type=\"heading.default\">\n\t\t\t\t\t\t<div class=\"elementor-widget-container\">\n\t\t\t\t\t<h3 class=\"elementor-heading-title elementor-size-default\"><a href=\"http:\/\/business-online.no\/artikler\/\">Artikler<\/a><\/h3>\t\t\t\t<\/div>\n\t\t\t\t<\/div>\n\t\t\t\t<div class=\"elementor-element elementor-element-4fe0555 elementor-widget elementor-widget-text-editor\" data-id=\"4fe0555\" data-element_type=\"widget\" data-e-type=\"widget\" data-widget_type=\"text-editor.default\">\n\t\t\t\t\t\t<div class=\"elementor-widget-container\">\n\t\t\t\t\t\t\t\t\t<p>Les v\u00e5re siste artikler rundt hvordan du kan f\u00e5 en bedre digital arbeidshverdag. F\u00e5 med deg det som er verdt \u00e5 vite for \u00e5 effektivisere din arbeidshverdag.<\/p>\t\t\t\t\t\t\t\t<\/div>\n\t\t\t\t<\/div>\n\t\t\t\t\t<\/div>\n\t\t<\/div>\n\t\t\t\t<div class=\"elementor-column elementor-col-33 elementor-top-column elementor-element elementor-element-77f9305\" data-id=\"77f9305\" data-element_type=\"column\" data-e-type=\"column\">\n\t\t\t<div class=\"elementor-widget-wrap elementor-element-populated\">\n\t\t\t\t\t\t<div class=\"elementor-element elementor-element-4d5532e elementor-widget elementor-widget-image\" data-id=\"4d5532e\" data-element_type=\"widget\" data-e-type=\"widget\" data-widget_type=\"image.default\">\n\t\t\t\t\t\t<div class=\"elementor-widget-container\">\n\t\t\t\t\t\t\t\t\t\t\t\t\t\t\t<img decoding=\"async\" width=\"1024\" height=\"683\" src=\"https:\/\/business-online.no\/wp-content\/uploads\/2023\/08\/Business-Online-iQubeS-1132-1024x683.jpg\" class=\"elementor-animation-grow attachment-large size-large wp-image-6834\" alt=\"\" srcset=\"https:\/\/business-online.no\/wp-content\/uploads\/2023\/08\/Business-Online-iQubeS-1132-1024x683.jpg 1024w, https:\/\/business-online.no\/wp-content\/uploads\/2023\/08\/Business-Online-iQubeS-1132-300x200.jpg 300w, https:\/\/business-online.no\/wp-content\/uploads\/2023\/08\/Business-Online-iQubeS-1132-768x512.jpg 768w, https:\/\/business-online.no\/wp-content\/uploads\/2023\/08\/Business-Online-iQubeS-1132-1536x1024.jpg 1536w, https:\/\/business-online.no\/wp-content\/uploads\/2023\/08\/Business-Online-iQubeS-1132-scaled.jpg 2048w\" sizes=\"(max-width: 1024px) 100vw, 1024px\" \/>\t\t\t\t\t\t\t\t\t\t\t\t\t\t\t<\/div>\n\t\t\t\t<\/div>\n\t\t\t\t<div class=\"elementor-element elementor-element-79b4a88 elementor-widget elementor-widget-heading\" data-id=\"79b4a88\" data-element_type=\"widget\" data-e-type=\"widget\" data-widget_type=\"heading.default\">\n\t\t\t\t\t\t<div class=\"elementor-widget-container\">\n\t\t\t\t\t<h3 class=\"elementor-heading-title elementor-size-default\">Implementering<\/h3>\t\t\t\t<\/div>\n\t\t\t\t<\/div>\n\t\t\t\t<div class=\"elementor-element elementor-element-bf20e91 elementor-widget elementor-widget-text-editor\" data-id=\"bf20e91\" data-element_type=\"widget\" data-e-type=\"widget\" data-widget_type=\"text-editor.default\">\n\t\t\t\t\t\t<div class=\"elementor-widget-container\">\n\t\t\t\t\t\t\t\t\t<p>Les mer om hvordan vi i samarbeid med kunden jobber med \u00e5 implementere Business Online, slik at overgangen blir mest mulig s\u00f8ml\u00f8s.<\/p>\t\t\t\t\t\t\t\t<\/div>\n\t\t\t\t<\/div>\n\t\t\t\t\t<\/div>\n\t\t<\/div>\n\t\t\t\t<div class=\"elementor-column elementor-col-33 elementor-top-column elementor-element elementor-element-92c59ca\" data-id=\"92c59ca\" data-element_type=\"column\" data-e-type=\"column\">\n\t\t\t<div class=\"elementor-widget-wrap elementor-element-populated\">\n\t\t\t\t\t\t<div class=\"elementor-element elementor-element-d3779df elementor-widget elementor-widget-image\" data-id=\"d3779df\" data-element_type=\"widget\" data-e-type=\"widget\" data-widget_type=\"image.default\">\n\t\t\t\t\t\t<div class=\"elementor-widget-container\">\n\t\t\t\t\t\t\t\t\t\t\t\t\t\t\t\t<a href=\"http:\/\/business-online.no\/ofte-stilte-sporsmal\/\">\n\t\t\t\t\t\t\t<img decoding=\"async\" width=\"1024\" height=\"683\" src=\"https:\/\/business-online.no\/wp-content\/uploads\/2023\/08\/Business-Online-iQubeS-3177-crop-1024x683.jpg\" class=\"elementor-animation-grow attachment-large size-large wp-image-6835\" alt=\"\" srcset=\"https:\/\/business-online.no\/wp-content\/uploads\/2023\/08\/Business-Online-iQubeS-3177-crop-1024x683.jpg 1024w, https:\/\/business-online.no\/wp-content\/uploads\/2023\/08\/Business-Online-iQubeS-3177-crop-300x200.jpg 300w, https:\/\/business-online.no\/wp-content\/uploads\/2023\/08\/Business-Online-iQubeS-3177-crop-768x512.jpg 768w, https:\/\/business-online.no\/wp-content\/uploads\/2023\/08\/Business-Online-iQubeS-3177-crop-1536x1024.jpg 1536w, https:\/\/business-online.no\/wp-content\/uploads\/2023\/08\/Business-Online-iQubeS-3177-crop-scaled.jpg 2048w\" sizes=\"(max-width: 1024px) 100vw, 1024px\" \/>\t\t\t\t\t\t\t\t<\/a>\n\t\t\t\t\t\t\t\t\t\t\t\t\t\t\t<\/div>\n\t\t\t\t<\/div>\n\t\t\t\t<div class=\"elementor-element elementor-element-2f547cd elementor-widget elementor-widget-heading\" data-id=\"2f547cd\" data-element_type=\"widget\" data-e-type=\"widget\" data-widget_type=\"heading.default\">\n\t\t\t\t\t\t<div class=\"elementor-widget-container\">\n\t\t\t\t\t<h3 class=\"elementor-heading-title elementor-size-default\"><a href=\"http:\/\/business-online.no\/ofte-stilte-sporsmal\/\">FAQ<\/a><\/h3>\t\t\t\t<\/div>\n\t\t\t\t<\/div>\n\t\t\t\t<div class=\"elementor-element elementor-element-0a3ffde elementor-widget elementor-widget-text-editor\" data-id=\"0a3ffde\" data-element_type=\"widget\" data-e-type=\"widget\" data-widget_type=\"text-editor.default\">\n\t\t\t\t\t\t<div class=\"elementor-widget-container\">\n\t\t\t\t\t\t\t\t\t<p>Sp\u00f8rsm\u00e5lene vi ofte f\u00e5r fra kunder som skal kj\u00f8pe Business Online. Les mer om alt fra bestillingsprosessen til implementering.<\/p>\t\t\t\t\t\t\t\t<\/div>\n\t\t\t\t<\/div>\n\t\t\t\t\t<\/div>\n\t\t<\/div>\n\t\t\t\t\t<\/div>\n\t\t<\/section>\n\t\t\t\t<\/div>\n\t\t","protected":false},"excerpt":{"rendered":"<p>Verdt \u00e5 vite Oppdag alt du trenger \u00e5 vite om [&hellip;]<\/p>\n","protected":false},"author":1,"featured_media":0,"parent":0,"menu_order":0,"comment_status":"closed","ping_status":"closed","template":"","meta":{"site-sidebar-layout":"no-sidebar","site-content-layout":"page-builder","ast-site-content-layout":"full-width-container","site-content-style":"unboxed","site-sidebar-style":"unboxed","ast-global-header-display":"","ast-banner-title-visibility":"","ast-main-header-display":"","ast-hfb-above-header-display":"","ast-hfb-below-header-display":"","ast-hfb-mobile-header-display":"","site-post-title":"disabled","ast-breadcrumbs-content":"","ast-featured-img":"disabled","footer-sml-layout":"","ast-disable-related-posts":"","theme-transparent-header-meta":"","adv-header-id-meta":"","stick-header-meta":"","header-above-stick-meta":"","header-main-stick-meta":"","header-below-stick-meta":"","astra-migrate-meta-layouts":"set","ast-page-background-enabled":"default","ast-page-background-meta":{"desktop":{"background-color":"","background-image":"","background-repeat":"repeat","background-position":"center center","background-size":"auto","background-attachment":"scroll","background-type":"","background-media":"","overlay-type":"","overlay-color":"","overlay-opacity":"","overlay-gradient":""},"tablet":{"background-color":"","background-image":"","background-repeat":"repeat","background-position":"center center","background-size":"auto","background-attachment":"scroll","background-type":"","background-media":"","overlay-type":"","overlay-color":"","overlay-opacity":"","overlay-gradient":""},"mobile":{"background-color":"","background-image":"","background-repeat":"repeat","background-position":"center center","background-size":"auto","background-attachment":"scroll","background-type":"","background-media":"","overlay-type":"","overlay-color":"","overlay-opacity":"","overlay-gradient":""}},"ast-content-background-meta":{"desktop":{"background-color":"var(--ast-global-color-5)","background-image":"","background-repeat":"repeat","background-position":"center center","background-size":"auto","background-attachment":"scroll","background-type":"","background-media":"","overlay-type":"","overlay-color":"","overlay-opacity":"","overlay-gradient":""},"tablet":{"background-color":"var(--ast-global-color-5)","background-image":"","background-repeat":"repeat","background-position":"center center","background-size":"auto","background-attachment":"scroll","background-type":"","background-media":"","overlay-type":"","overlay-color":"","overlay-opacity":"","overlay-gradient":""},"mobile":{"background-color":"var(--ast-global-color-5)","background-image":"","background-repeat":"repeat","background-position":"center center","background-size":"auto","background-attachment":"scroll","background-type":"","background-media":"","overlay-type":"","overlay-color":"","overlay-opacity":"","overlay-gradient":""}},"footnotes":""},"class_list":["post-2033","page","type-page","status-publish","hentry"],"jetpack_sharing_enabled":true,"_links":{"self":[{"href":"https:\/\/business-online.no\/en\/wp-json\/wp\/v2\/pages\/2033","targetHints":{"allow":["GET"]}}],"collection":[{"href":"https:\/\/business-online.no\/en\/wp-json\/wp\/v2\/pages"}],"about":[{"href":"https:\/\/business-online.no\/en\/wp-json\/wp\/v2\/types\/page"}],"author":[{"embeddable":true,"href":"https:\/\/business-online.no\/en\/wp-json\/wp\/v2\/users\/1"}],"replies":[{"embeddable":true,"href":"https:\/\/business-online.no\/en\/wp-json\/wp\/v2\/comments?post=2033"}],"version-history":[{"count":0,"href":"https:\/\/business-online.no\/en\/wp-json\/wp\/v2\/pages\/2033\/revisions"}],"wp:attachment":[{"href":"https:\/\/business-online.no\/en\/wp-json\/wp\/v2\/media?parent=2033"}],"curies":[{"name":"wp","href":"https:\/\/api.w.org\/{rel}","templated":true}]}}