{"id":13921,"date":"2026-01-30T09:32:51","date_gmt":"2026-01-30T08:32:51","guid":{"rendered":"https:\/\/business-online.no\/?page_id=13921"},"modified":"2026-03-26T11:24:59","modified_gmt":"2026-03-26T10:24:59","slug":"growing-pains","status":"publish","type":"page","link":"https:\/\/business-online.no\/en\/voksesmerter\/","title":{"rendered":"Growing pains are unnecessary"},"content":{"rendered":"\t\t<div data-elementor-type=\"wp-page\" data-elementor-id=\"13921\" class=\"elementor elementor-13921\" data-elementor-post-type=\"page\">\n\t\t\t\t<div class=\"elementor-element elementor-element-d28f9f0 e-flex e-con-boxed e-con e-parent\" data-id=\"d28f9f0\" data-element_type=\"container\" data-e-type=\"container\" data-settings=\"{&quot;background_background&quot;:&quot;slideshow&quot;,&quot;background_slideshow_gallery&quot;:[{&quot;id&quot;:13760,&quot;url&quot;:&quot;https:\\\/\\\/business-online.no\\\/wp-content\\\/uploads\\\/2026\\\/01\\\/a6d4f2.png&quot;}],&quot;background_slideshow_loop&quot;:&quot;yes&quot;,&quot;background_slideshow_slide_duration&quot;:5000,&quot;background_slideshow_slide_transition&quot;:&quot;fade&quot;,&quot;background_slideshow_transition_duration&quot;:500}\">\n\t\t\t\t\t<div class=\"e-con-inner\">\n\t\t<div class=\"elementor-element elementor-element-7491266b e-con-full e-flex e-con e-child\" data-id=\"7491266b\" data-element_type=\"container\" data-e-type=\"container\">\n\t\t\t\t<div class=\"elementor-element elementor-element-bd1fab elementor-widget elementor-widget-heading\" data-id=\"bd1fab\" data-element_type=\"widget\" data-e-type=\"widget\" data-widget_type=\"heading.default\">\n\t\t\t\t\t\t<div class=\"elementor-widget-container\">\n\t\t\t\t\t<h1 class=\"elementor-heading-title elementor-size-default\">Slik ble Soiltech unntaket som vokste uten voksesmerter<\/h1>\t\t\t\t<\/div>\n\t\t\t\t<\/div>\n\t\t\t\t<div class=\"elementor-element elementor-element-7645ec74 elementor-widget elementor-widget-heading\" data-id=\"7645ec74\" data-element_type=\"widget\" data-e-type=\"widget\" data-widget_type=\"heading.default\">\n\t\t\t\t\t\t<div class=\"elementor-widget-container\">\n\t\t\t\t\t<h5 class=\"elementor-heading-title elementor-size-default\">Voksesmerter er normalt for selskaper i rask vekst. Mange avfinner seg med at kaos, dobbeltarbeid og manglende kontroll er en naturlig del av vekstreisen. Da Soiltech gikk fra liten akt\u00f8r til internasjonalt vekstselskap, hadde de valgt en annen vei: \u00e5 bygge kontroll og struktur f\u00f8r veksten tok av.<\/h5>\t\t\t\t<\/div>\n\t\t\t\t<\/div>\n\t\t\t\t<\/div>\n\t\t\t\t\t<\/div>\n\t\t\t\t<\/div>\n\t\t<div class=\"elementor-element elementor-element-253d4bcd e-flex e-con-boxed e-con e-parent\" data-id=\"253d4bcd\" data-element_type=\"container\" data-e-type=\"container\">\n\t\t\t\t\t<div class=\"e-con-inner\">\n\t\t\t\t<div class=\"elementor-element elementor-element-648c2f20 elementor-widget elementor-widget-text-editor\" data-id=\"648c2f20\" data-element_type=\"widget\" data-e-type=\"widget\" data-widget_type=\"text-editor.default\">\n\t\t\t\t\t\t<div class=\"elementor-widget-container\">\n\t\t\t\t\t\t\t\t\t<p><span style=\"font-weight: 400;\">Allerede fra starten av samlet Soiltech prosesser, kvalitet og dokumentasjon i ett felles styringssystem \u2013 Business Online \u2013 i stedet for \u00e5 la hvert fagomr\u00e5de leve i sine egne verkt\u00f8y.<\/span><\/p><p><span style=\"font-weight: 400;\">\u2013 Vi hadde Business Online p\u00e5 plass f\u00f8r veksten skj\u00f8t fart. Det gj\u00f8r at vi n\u00e5 kan skalere uten \u00e5 stresse organisasjonen. Strukturen er der allerede, vi bygger bare videre p\u00e5 den, sier Else-Karin V\u00e5deland, VP HSSEQ &amp; Sustainability i Soiltech.<\/span><\/p>\t\t\t\t\t\t\t\t<\/div>\n\t\t\t\t<\/div>\n\t\t\t\t<div class=\"elementor-element elementor-element-3b392b44 elementor-widget elementor-widget-image\" data-id=\"3b392b44\" data-element_type=\"widget\" data-e-type=\"widget\" data-widget_type=\"image.default\">\n\t\t\t\t\t\t<div class=\"elementor-widget-container\">\n\t\t\t\t\t\t\t\t\t\t\t\t\t\t\t<img fetchpriority=\"high\" decoding=\"async\" width=\"1024\" height=\"768\" src=\"https:\/\/business-online.no\/wp-content\/uploads\/2026\/01\/Tanker-stacked-pa-PSV_1-1024x768.jpg\" class=\"attachment-large size-large wp-image-13841\" alt=\"\" srcset=\"https:\/\/business-online.no\/wp-content\/uploads\/2026\/01\/Tanker-stacked-pa-PSV_1-1024x768.jpg 1024w, https:\/\/business-online.no\/wp-content\/uploads\/2026\/01\/Tanker-stacked-pa-PSV_1-300x225.jpg 300w, https:\/\/business-online.no\/wp-content\/uploads\/2026\/01\/Tanker-stacked-pa-PSV_1-768x576.jpg 768w, https:\/\/business-online.no\/wp-content\/uploads\/2026\/01\/Tanker-stacked-pa-PSV_1-1536x1152.jpg 1536w, https:\/\/business-online.no\/wp-content\/uploads\/2026\/01\/Tanker-stacked-pa-PSV_1-16x12.jpg 16w, https:\/\/business-online.no\/wp-content\/uploads\/2026\/01\/Tanker-stacked-pa-PSV_1.jpg 1600w\" sizes=\"(max-width: 1024px) 100vw, 1024px\" \/>\t\t\t\t\t\t\t\t\t\t\t\t\t\t\t<\/div>\n\t\t\t\t<\/div>\n\t\t\t\t<div class=\"elementor-element elementor-element-1bdf8f21 elementor-widget elementor-widget-heading\" data-id=\"1bdf8f21\" data-element_type=\"widget\" data-e-type=\"widget\" data-widget_type=\"heading.default\">\n\t\t\t\t\t\t<div class=\"elementor-widget-container\">\n\t\t\t\t\t<h4 class=\"elementor-heading-title elementor-size-default\">Det normale er ikke alltid det n\u00f8dvendige<\/h4>\t\t\t\t<\/div>\n\t\t\t\t<\/div>\n\t\t\t\t<div class=\"elementor-element elementor-element-3a7034d5 elementor-widget elementor-widget-text-editor\" data-id=\"3a7034d5\" data-element_type=\"widget\" data-e-type=\"widget\" data-widget_type=\"text-editor.default\">\n\t\t\t\t\t\t<div class=\"elementor-widget-container\">\n\t\t\t\t\t\t\t\t\t<p><span style=\"font-weight: 400;\">I mange selskaper oppst\u00e5r voksesmerter n\u00e5r oppdragsmengden \u00f8ker. Teamene jobber etter ulike rutiner og prosesser. Kvalitet og dokumentasjon ligger spredt i ulike systemer. Med Business Online som felles ryggrad har Soiltech i stedet \u00e9n m\u00e5te \u00e5 jobbe p\u00e5, p\u00e5 tvers av land, rigger og prosjekter.<\/span><\/p><p><span style=\"font-weight: 400;\">En viktig del av denne grunnmuren er kvalitetskontrollplaner \u2013 praktiske sjekklister og styrte flyter som beskriver hva som skal gj\u00f8res, i hvilken rekkef\u00f8lge og hvem som har ansvar underveis. N\u00e5r aktivitetsniv\u00e5et \u00f8ker, er det denne strukturen de kan bygge videre p\u00e5.<\/span><\/p><p style=\"text-align: left;\">\u00a0<\/p><p><span style=\"font-weight: 400;\">\u2013 Vi merker jo at vi vokser, som kanskje gj\u00f8r at vi m\u00e5 bygge p\u00e5 og utvide strukturen. Men da har vi et grunnlag som er etablert, og da er det bare \u00e5 bygge p\u00e5. Det har vi opplevd som ganske enkelt, sier V\u00e5deland.<\/span><\/p><p><span style=\"font-weight: 400;\">I stedet for at prosedyrene lever sitt eget liv i e-poster, regneark og mappestrukturer, er de n\u00e5 bygget inn i selve gjennomf\u00f8ringen av prosjektene. Dermed m\u00f8ter alle den samme m\u00e5ten \u00e5 jobbe p\u00e5, med oppdatert dokumentasjon tilgjengelig enten de sitter p\u00e5 kontoret eller er ute p\u00e5 en rigg.<\/span><\/p><p><span style=\"font-weight: 400;\">Resultatet er en vekstreise som er <\/span><i><span style=\"font-weight: 400;\">mot normalt<\/span><\/i><span style=\"font-weight: 400;\"> for mange selskaper \u2013 kontrollert, ikke kaotisk. Soiltech har kunnet skalere virksomheten, vokse internasjonalt og tredoble omsetningen, samtidig som de har bevart kvalitet, samhandling og styring i arbeidshverdagen.\u00a0<\/span><\/p><p><span style=\"font-weight: 400;\">Business Online har ikke tatt bort behovet for innsats, men har gjort det mulig for Soiltech \u00e5 slippe voksesmertene mange andre vekstbedrifter ser p\u00e5 som noe de bare m\u00e5 leve med.<\/span><\/p>\t\t\t\t\t\t\t\t<\/div>\n\t\t\t\t<\/div>\n\t\t\t\t<div class=\"elementor-element elementor-element-5d8c7a20 elementor-align-center elementor-widget elementor-widget-button\" data-id=\"5d8c7a20\" data-element_type=\"widget\" data-e-type=\"widget\" data-widget_type=\"button.default\">\n\t\t\t\t\t\t<div class=\"elementor-widget-container\">\n\t\t\t\t\t\t\t\t\t<div class=\"elementor-button-wrapper\">\n\t\t\t\t\t<a class=\"elementor-button elementor-button-link elementor-size-sm elementor-animation-grow\" href=\"https:\/\/business-online.no\/kunde-soiltech\/\">\n\t\t\t\t\t\t<span class=\"elementor-button-content-wrapper\">\n\t\t\t\t\t\t\t\t\t<span class=\"elementor-button-text\">Les mer om suksessoppskriften til soiltech<\/span>\n\t\t\t\t\t<\/span>\n\t\t\t\t\t<\/a>\n\t\t\t\t<\/div>\n\t\t\t\t\t\t\t\t<\/div>\n\t\t\t\t<\/div>\n\t\t\t\t\t<\/div>\n\t\t\t\t<\/div>\n\t\t<div class=\"elementor-element elementor-element-40cd610 e-flex e-con-boxed e-con e-parent\" data-id=\"40cd610\" data-element_type=\"container\" data-e-type=\"container\">\n\t\t\t\t\t<div class=\"e-con-inner\">\n\t\t<div class=\"elementor-element elementor-element-9dd496b e-con-full e-flex e-con e-child\" data-id=\"9dd496b\" data-element_type=\"container\" data-e-type=\"container\">\n\t\t<div class=\"elementor-element elementor-element-d5232d1 e-con-full e-flex e-con e-child\" data-id=\"d5232d1\" data-element_type=\"container\" data-e-type=\"container\">\n\t\t\t\t<div class=\"elementor-element elementor-element-d2f6092 elementor-widget elementor-widget-heading\" data-id=\"d2f6092\" data-element_type=\"widget\" data-e-type=\"widget\" data-widget_type=\"heading.default\">\n\t\t\t\t\t\t<div class=\"elementor-widget-container\">\n\t\t\t\t\t<h3 class=\"elementor-heading-title elementor-size-default\">Vil du ogs\u00e5 gj\u00f8re som Soiltech?<\/h3>\t\t\t\t<\/div>\n\t\t\t\t<\/div>\n\t\t\t\t<div class=\"elementor-element elementor-element-b8f4777 elementor-widget elementor-widget-text-editor\" data-id=\"b8f4777\" data-element_type=\"widget\" data-e-type=\"widget\" data-widget_type=\"text-editor.default\">\n\t\t\t\t\t\t<div class=\"elementor-widget-container\">\n\t\t\t\t\t\t\t\t\t<p style=\"text-align: center;\">Vi viser deg hvordan Business Online kan fungere for dere. Kun 30 minutter, ingen forpliktelser.<\/p>\t\t\t\t\t\t\t\t<\/div>\n\t\t\t\t<\/div>\n\t\t\t\t<div class=\"elementor-element elementor-element-181bdc9 elementor-button-align-center elementor-widget elementor-widget-form\" data-id=\"181bdc9\" data-element_type=\"widget\" data-e-type=\"widget\" data-settings=\"{&quot;step_next_label&quot;:&quot;Next&quot;,&quot;step_previous_label&quot;:&quot;Previous&quot;,&quot;button_width&quot;:&quot;100&quot;,&quot;step_type&quot;:&quot;number_text&quot;,&quot;step_icon_shape&quot;:&quot;circle&quot;}\" data-widget_type=\"form.default\">\n\t\t\t\t\t\t<div class=\"elementor-widget-container\">\n\t\t\t\t\t\t\t<form class=\"elementor-form\" method=\"post\" name=\"New Form\" aria-label=\"New Form\">\n\t\t\t<input type=\"hidden\" name=\"post_id\" value=\"13921\"\/>\n\t\t\t<input type=\"hidden\" name=\"form_id\" value=\"181bdc9\"\/>\n\t\t\t<input type=\"hidden\" name=\"referer_title\" value=\"Voks uten voksesmerter | Business Online\" \/>\n\n\t\t\t\t\t\t\t<input type=\"hidden\" name=\"queried_id\" value=\"13921\"\/>\n\t\t\t\n\t\t\t<div class=\"elementor-form-fields-wrapper elementor-labels-above\">\n\t\t\t\t\t\t\t\t<div class=\"elementor-field-type-text elementor-field-group elementor-column elementor-field-group-name elementor-col-100 elementor-field-required\">\n\t\t\t\t\t\t\t\t\t\t\t\t<label for=\"form-field-name\" class=\"elementor-field-label\">\n\t\t\t\t\t\t\t\tNavn\t\t\t\t\t\t\t<\/label>\n\t\t\t\t\t\t\t\t\t\t\t\t\t\t<input size=\"1\" type=\"text\" name=\"form_fields[name]\" id=\"form-field-name\" class=\"elementor-field elementor-size-sm  elementor-field-textual\" placeholder=\"Ditt navn\" required=\"required\">\n\t\t\t\t\t\t\t\t\t\t\t<\/div>\n\t\t\t\t\t\t\t\t<div class=\"elementor-field-type-email elementor-field-group elementor-column elementor-field-group-email elementor-col-100 elementor-field-required\">\n\t\t\t\t\t\t\t\t\t\t\t\t<label for=\"form-field-email\" class=\"elementor-field-label\">\n\t\t\t\t\t\t\t\tE-post\t\t\t\t\t\t\t<\/label>\n\t\t\t\t\t\t\t\t\t\t\t\t\t\t<input size=\"1\" type=\"email\" name=\"form_fields[email]\" id=\"form-field-email\" class=\"elementor-field elementor-size-sm  elementor-field-textual\" placeholder=\"Din e-postadresse\" required=\"required\">\n\t\t\t\t\t\t\t\t\t\t\t<\/div>\n\t\t\t\t\t\t\t\t<div class=\"elementor-field-type-text elementor-field-group elementor-column elementor-field-group-field_0eb5163 elementor-col-100 elementor-field-required\">\n\t\t\t\t\t\t\t\t\t\t\t\t<label for=\"form-field-field_0eb5163\" class=\"elementor-field-label\">\n\t\t\t\t\t\t\t\tBedrift\t\t\t\t\t\t\t<\/label>\n\t\t\t\t\t\t\t\t\t\t\t\t\t\t<input size=\"1\" type=\"text\" name=\"form_fields[field_0eb5163]\" id=\"form-field-field_0eb5163\" class=\"elementor-field elementor-size-sm  elementor-field-textual\" placeholder=\"Bedriften du jobber for\" required=\"required\">\n\t\t\t\t\t\t\t\t\t\t\t<\/div>\n\t\t\t\t\t\t\t\t<div class=\"elementor-field-type-textarea elementor-field-group elementor-column elementor-field-group-message elementor-col-100 elementor-field-required\">\n\t\t\t\t\t\t\t\t\t\t\t\t<label for=\"form-field-message\" class=\"elementor-field-label\">\n\t\t\t\t\t\t\t\tNoe spesielt du vil vi skal vise?\t\t\t\t\t\t\t<\/label>\n\t\t\t\t\t\t<textarea class=\"elementor-field-textual elementor-field  elementor-size-sm\" name=\"form_fields[message]\" id=\"form-field-message\" rows=\"4\" placeholder=\"Skriv din melding her...\" required=\"required\"><\/textarea>\t\t\t\t<\/div>\n\t\t\t\t\t\t\t\t<div class=\"elementor-field-type-recaptcha_v3 elementor-field-group elementor-column elementor-field-group-field_89248ad elementor-col-100 recaptcha_v3-bottomright\">\n\t\t\t\t\t<div class=\"elementor-field\" id=\"form-field-field_89248ad\"><div class=\"elementor-g-recaptcha\" data-sitekey=\"6LdLIYYpAAAAAHQoYY_Roa3iDdImoflrWTmdBXXD\" data-type=\"v3\" data-action=\"Form\" data-badge=\"bottomright\" data-size=\"invisible\"><\/div><\/div>\t\t\t\t<\/div>\n\t\t\t\t\t\t\t\t<div class=\"elementor-field-group elementor-column elementor-field-type-submit elementor-col-100 e-form__buttons\">\n\t\t\t\t\t<button class=\"elementor-button elementor-size-sm elementor-animation-grow\" type=\"submit\">\n\t\t\t\t\t\t<span class=\"elementor-button-content-wrapper\">\n\t\t\t\t\t\t\t\t\t\t\t\t\t\t\t\t\t\t\t\t\t\t<span class=\"elementor-button-text\">Book en prat<\/span>\n\t\t\t\t\t\t\t\t\t\t\t\t\t<\/span>\n\t\t\t\t\t<\/button>\n\t\t\t\t<\/div>\n\t\t\t<\/div>\n\t\t<\/form>\n\t\t\t\t\t\t<\/div>\n\t\t\t\t<\/div>\n\t\t\t\t<\/div>\n\t\t\t\t<\/div>\n\t\t\t\t\t<\/div>\n\t\t\t\t<\/div>\n\t\t\t\t<\/div>\n\t\t","protected":false},"excerpt":{"rendered":"<p>Slik ble Soiltech unntaket som vokste uten voksesmerter Voksesmerter er [&hellip;]<\/p>\n","protected":false},"author":2,"featured_media":0,"parent":0,"menu_order":0,"comment_status":"closed","ping_status":"closed","template":"","meta":{"site-sidebar-layout":"no-sidebar","site-content-layout":"page-builder","ast-site-content-layout":"full-width-container","site-content-style":"default","site-sidebar-style":"default","ast-global-header-display":"","ast-banner-title-visibility":"","ast-main-header-display":"","ast-hfb-above-header-display":"","ast-hfb-below-header-display":"","ast-hfb-mobile-header-display":"","site-post-title":"disabled","ast-breadcrumbs-content":"","ast-featured-img":"disabled","footer-sml-layout":"","ast-disable-related-posts":"","theme-transparent-header-meta":"","adv-header-id-meta":"","stick-header-meta":"","header-above-stick-meta":"","header-main-stick-meta":"","header-below-stick-meta":"","astra-migrate-meta-layouts":"set","ast-page-background-enabled":"default","ast-page-background-meta":{"desktop":{"background-color":"","background-image":"","background-repeat":"repeat","background-position":"center center","background-size":"auto","background-attachment":"scroll","background-type":"","background-media":"","overlay-type":"","overlay-color":"","overlay-opacity":"","overlay-gradient":""},"tablet":{"background-color":"","background-image":"","background-repeat":"repeat","background-position":"center center","background-size":"auto","background-attachment":"scroll","background-type":"","background-media":"","overlay-type":"","overlay-color":"","overlay-opacity":"","overlay-gradient":""},"mobile":{"background-color":"","background-image":"","background-repeat":"repeat","background-position":"center center","background-size":"auto","background-attachment":"scroll","background-type":"","background-media":"","overlay-type":"","overlay-color":"","overlay-opacity":"","overlay-gradient":""}},"ast-content-background-meta":{"desktop":{"background-color":"var(--ast-global-color-5)","background-image":"","background-repeat":"repeat","background-position":"center center","background-size":"auto","background-attachment":"scroll","background-type":"","background-media":"","overlay-type":"","overlay-color":"","overlay-opacity":"","overlay-gradient":""},"tablet":{"background-color":"var(--ast-global-color-5)","background-image":"","background-repeat":"repeat","background-position":"center center","background-size":"auto","background-attachment":"scroll","background-type":"","background-media":"","overlay-type":"","overlay-color":"","overlay-opacity":"","overlay-gradient":""},"mobile":{"background-color":"var(--ast-global-color-5)","background-image":"","background-repeat":"repeat","background-position":"center center","background-size":"auto","background-attachment":"scroll","background-type":"","background-media":"","overlay-type":"","overlay-color":"","overlay-opacity":"","overlay-gradient":""}},"footnotes":""},"class_list":["post-13921","page","type-page","status-publish","hentry"],"jetpack_sharing_enabled":true,"_links":{"self":[{"href":"https:\/\/business-online.no\/en\/wp-json\/wp\/v2\/pages\/13921","targetHints":{"allow":["GET"]}}],"collection":[{"href":"https:\/\/business-online.no\/en\/wp-json\/wp\/v2\/pages"}],"about":[{"href":"https:\/\/business-online.no\/en\/wp-json\/wp\/v2\/types\/page"}],"author":[{"embeddable":true,"href":"https:\/\/business-online.no\/en\/wp-json\/wp\/v2\/users\/2"}],"replies":[{"embeddable":true,"href":"https:\/\/business-online.no\/en\/wp-json\/wp\/v2\/comments?post=13921"}],"version-history":[{"count":0,"href":"https:\/\/business-online.no\/en\/wp-json\/wp\/v2\/pages\/13921\/revisions"}],"wp:attachment":[{"href":"https:\/\/business-online.no\/en\/wp-json\/wp\/v2\/media?parent=13921"}],"curies":[{"name":"wp","href":"https:\/\/api.w.org\/{rel}","templated":true}]}}