{"id":13665,"date":"2025-12-18T13:20:59","date_gmt":"2025-12-18T12:20:59","guid":{"rendered":"https:\/\/business-online.no\/?page_id=13665"},"modified":"2026-03-27T08:48:45","modified_gmt":"2026-03-27T07:48:45","slug":"established-practice","status":"publish","type":"page","link":"https:\/\/business-online.no\/en\/fast-praksis\/","title":{"rendered":"Regular practice"},"content":{"rendered":"\t\t<div data-elementor-type=\"wp-page\" data-elementor-id=\"13665\" class=\"elementor elementor-13665\" data-elementor-post-type=\"page\">\n\t\t\t\t<div class=\"elementor-element elementor-element-25fab960 e-flex e-con-boxed e-con e-parent\" data-id=\"25fab960\" data-element_type=\"container\" data-e-type=\"container\" data-settings=\"{&quot;background_background&quot;:&quot;slideshow&quot;,&quot;background_slideshow_gallery&quot;:[{&quot;id&quot;:13760,&quot;url&quot;:&quot;https:\\\/\\\/business-online.no\\\/wp-content\\\/uploads\\\/2026\\\/01\\\/a6d4f2.png&quot;}],&quot;background_slideshow_loop&quot;:&quot;yes&quot;,&quot;background_slideshow_slide_duration&quot;:5000,&quot;background_slideshow_slide_transition&quot;:&quot;fade&quot;,&quot;background_slideshow_transition_duration&quot;:500}\">\n\t\t\t\t\t<div class=\"e-con-inner\">\n\t\t<div class=\"elementor-element elementor-element-79cebb71 e-con-full e-flex e-con e-child\" data-id=\"79cebb71\" data-element_type=\"container\" data-e-type=\"container\">\n\t\t\t\t<div class=\"elementor-element elementor-element-312e8537 elementor-widget elementor-widget-heading\" data-id=\"312e8537\" data-element_type=\"widget\" data-e-type=\"widget\" data-widget_type=\"heading.default\">\n\t\t\t\t\t\t<div class=\"elementor-widget-container\">\n\t\t\t\t\t<h1 class=\"elementor-heading-title elementor-size-default\">Soiltech unngikk voksesmertene, ved \u00e5 f\u00f8lge fast praksis fra starten av<\/h1>\t\t\t\t<\/div>\n\t\t\t\t<\/div>\n\t\t\t\t<div class=\"elementor-element elementor-element-3183f975 elementor-widget elementor-widget-heading\" data-id=\"3183f975\" data-element_type=\"widget\" data-e-type=\"widget\" data-widget_type=\"heading.default\">\n\t\t\t\t\t\t<div class=\"elementor-widget-container\">\n\t\t\t\t\t<h5 class=\"elementor-heading-title elementor-size-default\">Da Soiltech gikk fra liten bedrift til vekstselskap, \u00f8kte kravene til kvalitet og samhandling. Der mange f\u00e5r voksesmerter fordi \u201cfast praksis\u201d ikke f\u00f8lges i hverdagen, valgte Soiltech \u00e5 bygge struktur og beste praksis inn i m\u00e5ten de jobber p\u00e5 \u2013 f\u00f8r veksten tok av.<\/h5>\t\t\t\t<\/div>\n\t\t\t\t<\/div>\n\t\t\t\t<\/div>\n\t\t\t\t\t<\/div>\n\t\t\t\t<\/div>\n\t\t<div class=\"elementor-element elementor-element-6c9ce791 e-flex e-con-boxed e-con e-parent\" data-id=\"6c9ce791\" data-element_type=\"container\" data-e-type=\"container\">\n\t\t\t\t\t<div class=\"e-con-inner\">\n\t\t\t\t<div class=\"elementor-element elementor-element-7ece4f8f elementor-widget elementor-widget-text-editor\" data-id=\"7ece4f8f\" data-element_type=\"widget\" data-e-type=\"widget\" data-widget_type=\"text-editor.default\">\n\t\t\t\t\t\t<div class=\"elementor-widget-container\">\n\t\t\t\t\t\t\t\t\t<p><span style=\"font-weight: 400;\">\u2013 Jeg har jobbet med KHMS i over 17 \u00e5r i olje- og gassn\u00e6ringen hvor jeg har kjent p\u00e5 utfordringene knyttet til kommunikasjon og samhandling. Utfordringene har ofte v\u00e6rt knyttet til at man ikke bare har ett system. HR, KHMS og operasjon sitter i hver sin database, og de systemene snakker jo ikke sammen, sier Else-Karin V\u00e5deland, VP HSSEQ &amp; Sustainability i Soiltech.<\/span><\/p><p><span style=\"font-weight: 400;\">Allerede f\u00f8r veksten skj\u00f8t fart, samlet Soiltech prosesser, kvalitet og dokumentasjon i ett felles styringssystem \u2013 Business Online.<\/span><\/p>\t\t\t\t\t\t\t\t<\/div>\n\t\t\t\t<\/div>\n\t\t\t\t<div class=\"elementor-element elementor-element-21939199 elementor-widget elementor-widget-image\" data-id=\"21939199\" data-element_type=\"widget\" data-e-type=\"widget\" data-widget_type=\"image.default\">\n\t\t\t\t\t\t<div class=\"elementor-widget-container\">\n\t\t\t\t\t\t\t\t\t\t\t\t\t\t\t<img fetchpriority=\"high\" decoding=\"async\" width=\"1024\" height=\"768\" src=\"https:\/\/business-online.no\/wp-content\/uploads\/2026\/01\/Tanker-stacked-pa-PSV_1-1024x768.jpg\" class=\"attachment-large size-large wp-image-13841\" alt=\"\" srcset=\"https:\/\/business-online.no\/wp-content\/uploads\/2026\/01\/Tanker-stacked-pa-PSV_1-1024x768.jpg 1024w, https:\/\/business-online.no\/wp-content\/uploads\/2026\/01\/Tanker-stacked-pa-PSV_1-300x225.jpg 300w, https:\/\/business-online.no\/wp-content\/uploads\/2026\/01\/Tanker-stacked-pa-PSV_1-768x576.jpg 768w, https:\/\/business-online.no\/wp-content\/uploads\/2026\/01\/Tanker-stacked-pa-PSV_1-1536x1152.jpg 1536w, https:\/\/business-online.no\/wp-content\/uploads\/2026\/01\/Tanker-stacked-pa-PSV_1-16x12.jpg 16w, https:\/\/business-online.no\/wp-content\/uploads\/2026\/01\/Tanker-stacked-pa-PSV_1.jpg 1600w\" sizes=\"(max-width: 1024px) 100vw, 1024px\" \/>\t\t\t\t\t\t\t\t\t\t\t\t\t\t\t<\/div>\n\t\t\t\t<\/div>\n\t\t\t\t<div class=\"elementor-element elementor-element-11cc0195 elementor-widget elementor-widget-heading\" data-id=\"11cc0195\" data-element_type=\"widget\" data-e-type=\"widget\" data-widget_type=\"heading.default\">\n\t\t\t\t\t\t<div class=\"elementor-widget-container\">\n\t\t\t\t\t<h4 class=\"elementor-heading-title elementor-size-default\">Fast praksis i praksis \u2013 p\u00e5 tvers av land og rigger\n<\/h4>\t\t\t\t<\/div>\n\t\t\t\t<\/div>\n\t\t\t\t<div class=\"elementor-element elementor-element-385c437d elementor-widget elementor-widget-text-editor\" data-id=\"385c437d\" data-element_type=\"widget\" data-e-type=\"widget\" data-widget_type=\"text-editor.default\">\n\t\t\t\t\t\t<div class=\"elementor-widget-container\">\n\t\t\t\t\t\t\t\t\t<p><span style=\"font-weight: 400;\">I dag bruker Soiltech Business Online som felles ryggrad for prosjektgjennomf\u00f8ring, kvalitet og dokumentasjon p\u00e5 tvers av land, rigger og operasjoner.<\/span><\/p><p><span style=\"font-weight: 400;\">Kjernen er kvalitetskontrollplanene (Quality Control Plans): sjekklister og arbeidsflyt som beskriver hva som skal gj\u00f8res, n\u00e5r og av hvem.<\/span><\/p><p><span style=\"font-weight: 400;\">\u2013 Den st\u00f8rste verdien er prosjektstyringsmodulen, det som g\u00e5r p\u00e5 Quality Control Plan. Den er avgj\u00f8rende for oss. Ett system, lik praksis, mindre rom for feil. Det gj\u00f8r jo at jeg sover bedre p\u00e5 nettene, sier V\u00e5deland.<\/span><\/p><p><span style=\"font-weight: 400;\">Prosedyrene ligger ikke lenger i en perm eller et eget kvalitetssystem p\u00e5 siden, men som konkrete steg i selve prosjektet. Alle jobber etter samme metodikk, med samme, oppdaterte dokumentasjon \u2013 uavhengig av hvor de befinner seg.<\/span><\/p><p><span style=\"font-weight: 400;\">Med Business Online som grunnmur har det blitt smidigere for Soiltech \u00e5 vokse internasjonalt, tredoble omsetningen og gjennomf\u00f8re en b\u00f8rsnotering \u2013 samtidig som de har bevart kvalitet, samhandling og kontroll i hverdagen. Slik unngikk de voksesmertene mange andre selskaper kjenner p\u00e5 n\u00e5r veksten virkelig skyter fart.<\/span><\/p>\t\t\t\t\t\t\t\t<\/div>\n\t\t\t\t<\/div>\n\t\t\t\t<div class=\"elementor-element elementor-element-6f0fc0b9 elementor-align-center elementor-widget elementor-widget-button\" data-id=\"6f0fc0b9\" data-element_type=\"widget\" data-e-type=\"widget\" data-widget_type=\"button.default\">\n\t\t\t\t\t\t<div class=\"elementor-widget-container\">\n\t\t\t\t\t\t\t\t\t<div class=\"elementor-button-wrapper\">\n\t\t\t\t\t<a class=\"elementor-button elementor-button-link elementor-size-sm elementor-animation-grow\" href=\"https:\/\/business-online.no\/kunde-soiltech\/\">\n\t\t\t\t\t\t<span class=\"elementor-button-content-wrapper\">\n\t\t\t\t\t\t\t\t\t<span class=\"elementor-button-text\">Klikk her for \u00e5 lese mer om vekstreisen til Soiltech<\/span>\n\t\t\t\t\t<\/span>\n\t\t\t\t\t<\/a>\n\t\t\t\t<\/div>\n\t\t\t\t\t\t\t\t<\/div>\n\t\t\t\t<\/div>\n\t\t\t\t\t<\/div>\n\t\t\t\t<\/div>\n\t\t<div class=\"elementor-element elementor-element-f0147ee e-flex e-con-boxed e-con e-parent\" data-id=\"f0147ee\" data-element_type=\"container\" data-e-type=\"container\">\n\t\t\t\t\t<div class=\"e-con-inner\">\n\t\t<div class=\"elementor-element elementor-element-03560c8 e-con-full e-flex e-con e-child\" data-id=\"03560c8\" data-element_type=\"container\" data-e-type=\"container\">\n\t\t<div class=\"elementor-element elementor-element-676564a e-con-full e-flex e-con e-child\" data-id=\"676564a\" data-element_type=\"container\" data-e-type=\"container\">\n\t\t\t\t<div class=\"elementor-element elementor-element-225fa68 elementor-widget elementor-widget-heading\" data-id=\"225fa68\" data-element_type=\"widget\" data-e-type=\"widget\" data-widget_type=\"heading.default\">\n\t\t\t\t\t\t<div class=\"elementor-widget-container\">\n\t\t\t\t\t<h3 class=\"elementor-heading-title elementor-size-default\">Vil du ogs\u00e5 gj\u00f8re som Soiltech?<\/h3>\t\t\t\t<\/div>\n\t\t\t\t<\/div>\n\t\t\t\t<div class=\"elementor-element elementor-element-04e2cce elementor-widget elementor-widget-text-editor\" data-id=\"04e2cce\" data-element_type=\"widget\" data-e-type=\"widget\" data-widget_type=\"text-editor.default\">\n\t\t\t\t\t\t<div class=\"elementor-widget-container\">\n\t\t\t\t\t\t\t\t\t<p style=\"text-align: center;\">Vi viser deg hvordan Business Online kan fungere for dere. Kun 30 minutter, ingen forpliktelser.<\/p>\t\t\t\t\t\t\t\t<\/div>\n\t\t\t\t<\/div>\n\t\t\t\t<div class=\"elementor-element elementor-element-4a7f090 elementor-button-align-center elementor-widget elementor-widget-form\" data-id=\"4a7f090\" data-element_type=\"widget\" data-e-type=\"widget\" data-settings=\"{&quot;step_next_label&quot;:&quot;Next&quot;,&quot;step_previous_label&quot;:&quot;Previous&quot;,&quot;button_width&quot;:&quot;100&quot;,&quot;step_type&quot;:&quot;number_text&quot;,&quot;step_icon_shape&quot;:&quot;circle&quot;}\" data-widget_type=\"form.default\">\n\t\t\t\t\t\t<div class=\"elementor-widget-container\">\n\t\t\t\t\t\t\t<form class=\"elementor-form\" method=\"post\" name=\"New Form\" aria-label=\"New Form\">\n\t\t\t<input type=\"hidden\" name=\"post_id\" value=\"13665\"\/>\n\t\t\t<input type=\"hidden\" name=\"form_id\" value=\"4a7f090\"\/>\n\t\t\t<input type=\"hidden\" name=\"referer_title\" value=\"Soiltech unngikk voksesmertene | Business Online\" \/>\n\n\t\t\t\t\t\t\t<input type=\"hidden\" name=\"queried_id\" value=\"13665\"\/>\n\t\t\t\n\t\t\t<div class=\"elementor-form-fields-wrapper elementor-labels-above\">\n\t\t\t\t\t\t\t\t<div class=\"elementor-field-type-text elementor-field-group elementor-column elementor-field-group-name elementor-col-100 elementor-field-required\">\n\t\t\t\t\t\t\t\t\t\t\t\t<label for=\"form-field-name\" class=\"elementor-field-label\">\n\t\t\t\t\t\t\t\tNavn\t\t\t\t\t\t\t<\/label>\n\t\t\t\t\t\t\t\t\t\t\t\t\t\t<input size=\"1\" type=\"text\" name=\"form_fields[name]\" id=\"form-field-name\" class=\"elementor-field elementor-size-sm  elementor-field-textual\" placeholder=\"Ditt navn\" required=\"required\">\n\t\t\t\t\t\t\t\t\t\t\t<\/div>\n\t\t\t\t\t\t\t\t<div class=\"elementor-field-type-email elementor-field-group elementor-column elementor-field-group-email elementor-col-100 elementor-field-required\">\n\t\t\t\t\t\t\t\t\t\t\t\t<label for=\"form-field-email\" class=\"elementor-field-label\">\n\t\t\t\t\t\t\t\tE-post\t\t\t\t\t\t\t<\/label>\n\t\t\t\t\t\t\t\t\t\t\t\t\t\t<input size=\"1\" type=\"email\" name=\"form_fields[email]\" id=\"form-field-email\" class=\"elementor-field elementor-size-sm  elementor-field-textual\" placeholder=\"Din e-postadresse\" required=\"required\">\n\t\t\t\t\t\t\t\t\t\t\t<\/div>\n\t\t\t\t\t\t\t\t<div class=\"elementor-field-type-text elementor-field-group elementor-column elementor-field-group-field_0eb5163 elementor-col-100 elementor-field-required\">\n\t\t\t\t\t\t\t\t\t\t\t\t<label for=\"form-field-field_0eb5163\" class=\"elementor-field-label\">\n\t\t\t\t\t\t\t\tBedrift\t\t\t\t\t\t\t<\/label>\n\t\t\t\t\t\t\t\t\t\t\t\t\t\t<input size=\"1\" type=\"text\" name=\"form_fields[field_0eb5163]\" id=\"form-field-field_0eb5163\" class=\"elementor-field elementor-size-sm  elementor-field-textual\" placeholder=\"Bedriften du jobber for\" required=\"required\">\n\t\t\t\t\t\t\t\t\t\t\t<\/div>\n\t\t\t\t\t\t\t\t<div class=\"elementor-field-type-textarea elementor-field-group elementor-column elementor-field-group-message elementor-col-100 elementor-field-required\">\n\t\t\t\t\t\t\t\t\t\t\t\t<label for=\"form-field-message\" class=\"elementor-field-label\">\n\t\t\t\t\t\t\t\tNoe spesielt du vil vi skal vise?\t\t\t\t\t\t\t<\/label>\n\t\t\t\t\t\t<textarea class=\"elementor-field-textual elementor-field  elementor-size-sm\" name=\"form_fields[message]\" id=\"form-field-message\" rows=\"4\" placeholder=\"Skriv din melding her...\" required=\"required\"><\/textarea>\t\t\t\t<\/div>\n\t\t\t\t\t\t\t\t<div class=\"elementor-field-type-recaptcha_v3 elementor-field-group elementor-column elementor-field-group-field_89248ad elementor-col-100 recaptcha_v3-bottomright\">\n\t\t\t\t\t<div class=\"elementor-field\" id=\"form-field-field_89248ad\"><div class=\"elementor-g-recaptcha\" data-sitekey=\"6LdLIYYpAAAAAHQoYY_Roa3iDdImoflrWTmdBXXD\" data-type=\"v3\" data-action=\"Form\" data-badge=\"bottomright\" data-size=\"invisible\"><\/div><\/div>\t\t\t\t<\/div>\n\t\t\t\t\t\t\t\t<div class=\"elementor-field-group elementor-column elementor-field-type-submit elementor-col-100 e-form__buttons\">\n\t\t\t\t\t<button class=\"elementor-button elementor-size-sm elementor-animation-grow\" type=\"submit\">\n\t\t\t\t\t\t<span class=\"elementor-button-content-wrapper\">\n\t\t\t\t\t\t\t\t\t\t\t\t\t\t\t\t\t\t\t\t\t\t<span class=\"elementor-button-text\">Book en prat<\/span>\n\t\t\t\t\t\t\t\t\t\t\t\t\t<\/span>\n\t\t\t\t\t<\/button>\n\t\t\t\t<\/div>\n\t\t\t<\/div>\n\t\t<\/form>\n\t\t\t\t\t\t<\/div>\n\t\t\t\t<\/div>\n\t\t\t\t<\/div>\n\t\t\t\t<\/div>\n\t\t\t\t\t<\/div>\n\t\t\t\t<\/div>\n\t\t\t\t<\/div>\n\t\t","protected":false},"excerpt":{"rendered":"<p>Soiltech unngikk voksesmertene, ved \u00e5 f\u00f8lge fast praksis fra starten [&hellip;]<\/p>\n","protected":false},"author":2,"featured_media":0,"parent":0,"menu_order":0,"comment_status":"closed","ping_status":"closed","template":"","meta":{"site-sidebar-layout":"no-sidebar","site-content-layout":"page-builder","ast-site-content-layout":"full-width-container","site-content-style":"default","site-sidebar-style":"default","ast-global-header-display":"","ast-banner-title-visibility":"","ast-main-header-display":"","ast-hfb-above-header-display":"","ast-hfb-below-header-display":"","ast-hfb-mobile-header-display":"","site-post-title":"disabled","ast-breadcrumbs-content":"","ast-featured-img":"disabled","footer-sml-layout":"","ast-disable-related-posts":"","theme-transparent-header-meta":"","adv-header-id-meta":"","stick-header-meta":"","header-above-stick-meta":"","header-main-stick-meta":"","header-below-stick-meta":"","astra-migrate-meta-layouts":"set","ast-page-background-enabled":"default","ast-page-background-meta":{"desktop":{"background-color":"","background-image":"","background-repeat":"repeat","background-position":"center center","background-size":"auto","background-attachment":"scroll","background-type":"","background-media":"","overlay-type":"","overlay-color":"","overlay-opacity":"","overlay-gradient":""},"tablet":{"background-color":"","background-image":"","background-repeat":"repeat","background-position":"center center","background-size":"auto","background-attachment":"scroll","background-type":"","background-media":"","overlay-type":"","overlay-color":"","overlay-opacity":"","overlay-gradient":""},"mobile":{"background-color":"","background-image":"","background-repeat":"repeat","background-position":"center center","background-size":"auto","background-attachment":"scroll","background-type":"","background-media":"","overlay-type":"","overlay-color":"","overlay-opacity":"","overlay-gradient":""}},"ast-content-background-meta":{"desktop":{"background-color":"var(--ast-global-color-5)","background-image":"","background-repeat":"repeat","background-position":"center center","background-size":"auto","background-attachment":"scroll","background-type":"","background-media":"","overlay-type":"","overlay-color":"","overlay-opacity":"","overlay-gradient":""},"tablet":{"background-color":"var(--ast-global-color-5)","background-image":"","background-repeat":"repeat","background-position":"center center","background-size":"auto","background-attachment":"scroll","background-type":"","background-media":"","overlay-type":"","overlay-color":"","overlay-opacity":"","overlay-gradient":""},"mobile":{"background-color":"var(--ast-global-color-5)","background-image":"","background-repeat":"repeat","background-position":"center center","background-size":"auto","background-attachment":"scroll","background-type":"","background-media":"","overlay-type":"","overlay-color":"","overlay-opacity":"","overlay-gradient":""}},"footnotes":""},"class_list":["post-13665","page","type-page","status-publish","hentry"],"jetpack_sharing_enabled":true,"_links":{"self":[{"href":"https:\/\/business-online.no\/en\/wp-json\/wp\/v2\/pages\/13665","targetHints":{"allow":["GET"]}}],"collection":[{"href":"https:\/\/business-online.no\/en\/wp-json\/wp\/v2\/pages"}],"about":[{"href":"https:\/\/business-online.no\/en\/wp-json\/wp\/v2\/types\/page"}],"author":[{"embeddable":true,"href":"https:\/\/business-online.no\/en\/wp-json\/wp\/v2\/users\/2"}],"replies":[{"embeddable":true,"href":"https:\/\/business-online.no\/en\/wp-json\/wp\/v2\/comments?post=13665"}],"version-history":[{"count":0,"href":"https:\/\/business-online.no\/en\/wp-json\/wp\/v2\/pages\/13665\/revisions"}],"wp:attachment":[{"href":"https:\/\/business-online.no\/en\/wp-json\/wp\/v2\/media?parent=13665"}],"curies":[{"name":"wp","href":"https:\/\/api.w.org\/{rel}","templated":true}]}}